{"id":154,"date":"2024-10-07T20:35:34","date_gmt":"2024-10-07T20:35:34","guid":{"rendered":"https:\/\/psicologia.mdp.edu.ar\/cisic\/?page_id=154"},"modified":"2025-06-17T14:03:41","modified_gmt":"2025-06-17T14:03:41","slug":"quienes-somos","status":"publish","type":"page","link":"https:\/\/psicologia.mdp.edu.ar\/cisic\/index.php\/quienes-somos\/","title":{"rendered":"Quienes somos"},"content":{"rendered":"\n<ul class=\"wp-block-list\">\n<li>El <strong>CISIC<\/strong> constituye una unidad org\u00e1nico-funcional, orientada a la b\u00fasqueda de nuevos conocimientos sobre las vinculaciones entre sujeto, instituci\u00f3n y cultura, provenientes de un campo de estudios interdisciplinarios -psicolog\u00eda, psicoan\u00e1lisis, antropolog\u00eda, sociolog\u00eda, derecho, filosof\u00eda, trabajo social- conjugando estrategias de investigaci\u00f3n, de formaci\u00f3n y de desarrollo de docentes investigadorxs, becarixs y tesistas de grado y posgrado, de acuerdo al art\u00edculo 1 de la OCA 649\/14 que dictamina su creaci\u00f3n y reglamento. Enmarcado en la OCS 2301\/12, la cual regula los NACT (n\u00facleos de actividades cient\u00edficas) de la UNMdP, comenz\u00f3 a funcionar en 2014, por iniciativa de un grupo de investigadorxs de la Facultad de Psicolog\u00eda con amplia trayectoria, con el objetivo de potenciar las actividades de investigaci\u00f3n, la relaci\u00f3n con los organismos nacionales e internacionales de promoci\u00f3n cient\u00edfica y tecnol\u00f3gica; teniendo en cuenta tambi\u00e9n la necesidad de facilitar estrategias de inserci\u00f3n de la Facultad de Psicolog\u00eda en el medio.<\/li>\n\n\n\n<li><em>Sujeto, instituci\u00f3n y Cultura<\/em> fueron elegidos como asuntos transversales e interdisciplinares, representativos de las l\u00edneas de trabajo que se ven\u00edan desarrollando y -al mismo tiempo- apuesta por la consolidaci\u00f3n y potenciaci\u00f3n de la investigaci\u00f3n en ciencias sociales y humanas orientada por ellas. Cada uno de estos t\u00e9rminos est\u00e1 cargado de tradici\u00f3n y polisemias, que constituyen -a su vez- su riqueza. Sujeto es un concepto con una larga historia, cuyas significaciones se han abierto a partir de la modernidad que consolid\u00f3 su uso en relaci\u00f3n con la agencia humana. Y estas significaciones se han puesto en crisis y relanzado a partir de las perspectivas del psicoan\u00e1lisis y la filosof\u00eda contempor\u00e1nea -mencionando solo dos disciplinas que han re inventado el uso de un t\u00e9rmino pol\u00e9mico que perdura como una interrogaci\u00f3n y como un horizonte de sentido. Su inter-relaci\u00f3n con los otros t\u00e9rminos que nos definen, Instituci\u00f3n y Cultura, da cuenta de nuestra perspectiva alejada de los esencialismos que acechan constitutivamente a la noci\u00f3n. La instituci\u00f3n puede ser planteada, con Ulloa (2011), como un conjunto de normas sociales instituidas por la ley y la costumbre, que regulan nuestras relaciones, nos pre-existe y se nos impone. La instituci\u00f3n nombra al acto que funda e instaura, a la vez que nombra tambi\u00e9n a eso creado que, en tanto tal, funciona como un organismo conservador y reproductor de legalidades, de significaciones y sentidos que impactan, condicionan, conforman las vidas singulares. La cultura est\u00e1 imbuida tambi\u00e9n de la historia de su concepto y de prejuicios y valoraciones acerca de su uso. La UNESCO, en su Declaraci\u00f3n Universal sobre Diversidad Cultural, proclama que &#8220;la cultura debe ser considerada como el conjunto de los rasgos distintivos espirituales y materiales, intelectuales y afectivos que caracterizan a una sociedad o a un grupo social y que abarca, adem\u00e1s de las artes y las letras, los modos de vida, las maneras de vivir juntos, los sistemas de valores, las tradiciones y las creencias\u201d (UNESCO, 2002, p.4). Y la cultura -tambi\u00e9n la instituci\u00f3n- son constitutivas de nuestra humanidad, en tensi\u00f3n indisoluble entre las singularidades y lo colectivo, fuente de satisfacci\u00f3n pero no menos de malestar, como supo caracterizar Freud a nuestro modo de habitar lo que nos hace humanos exigiendo renuncias a las aspiraciones individuales. Sujeto, instituci\u00f3n, cultura, entramados. Nuestras investigaciones iluminan alg\u00fan lugar del tejido, sosteniendo la tensi\u00f3n entre los hilos.<\/li>\n\n\n\n<li>En sus primeros diez a\u00f1os el crecimiento del <strong>CISIC<\/strong> ha ubicado en un lugar destacado la labor de nuestros integrantes y se constituye en referencia de un posicionamiento \u00e9tico- epistemol\u00f3gico animado por una pol\u00edtica activa de transversalizaci\u00f3n de la perspectiva de g\u00e9nero y de derechos en Salud Mental.<\/li>\n<\/ul>\n\n\n<div>ISSN 3072-7863<\/div>\n\n","protected":false},"excerpt":{"rendered":"<p>ISSN 3072-7863<\/p>\n","protected":false},"author":1,"featured_media":0,"parent":0,"menu_order":0,"comment_status":"closed","ping_status":"closed","template":"","meta":{"footnotes":""},"class_list":["post-154","page","type-page","status-publish","hentry"],"_links":{"self":[{"href":"https:\/\/psicologia.mdp.edu.ar\/cisic\/index.php\/wp-json\/wp\/v2\/pages\/154","targetHints":{"allow":["GET"]}}],"collection":[{"href":"https:\/\/psicologia.mdp.edu.ar\/cisic\/index.php\/wp-json\/wp\/v2\/pages"}],"about":[{"href":"https:\/\/psicologia.mdp.edu.ar\/cisic\/index.php\/wp-json\/wp\/v2\/types\/page"}],"author":[{"embeddable":true,"href":"https:\/\/psicologia.mdp.edu.ar\/cisic\/index.php\/wp-json\/wp\/v2\/users\/1"}],"replies":[{"embeddable":true,"href":"https:\/\/psicologia.mdp.edu.ar\/cisic\/index.php\/wp-json\/wp\/v2\/comments?post=154"}],"version-history":[{"count":4,"href":"https:\/\/psicologia.mdp.edu.ar\/cisic\/index.php\/wp-json\/wp\/v2\/pages\/154\/revisions"}],"predecessor-version":[{"id":388,"href":"https:\/\/psicologia.mdp.edu.ar\/cisic\/index.php\/wp-json\/wp\/v2\/pages\/154\/revisions\/388"}],"wp:attachment":[{"href":"https:\/\/psicologia.mdp.edu.ar\/cisic\/index.php\/wp-json\/wp\/v2\/media?parent=154"}],"curies":[{"name":"wp","href":"https:\/\/api.w.org\/{rel}","templated":true}]}}